{"id":1229,"date":"2021-06-16T12:43:16","date_gmt":"2021-06-16T10:43:16","guid":{"rendered":"https:\/\/abacus-laser.com\/de\/?page_id=1229"},"modified":"2023-09-11T17:00:13","modified_gmt":"2023-09-11T15:00:13","slug":"litra-s-neu","status":"publish","type":"page","link":"https:\/\/abacus-laser.com\/de\/litra-s-neu\/","title":{"rendered":"LiTra S\/S+"},"content":{"rendered":"<p>Abacus Laser bietet Lidarmodule zur Windmessung an. Diese \u00fcberzeugen nicht nur durch ihre Kompaktheit, sondern vor allem durch die M\u00f6glichkeit der Integration der Module in die eigenen Systeme.<\/p>\n<p>&nbsp;<\/p>\n<p><strong>LiTra S<\/strong><\/p>\n<p>Unsere\u00a0 LiTra S und S+ Module basieren auf optischer Fasertechnologie aus der Telekommunikation und sind dadurch besonders robust. Unsere Module enthalten das komplette optische System, also einen schmalbandigen Referenzlaser, einen gepulsten einfrequenten Laser, das Teleskop und die Detektion durch optische \u00dcberlagerung (heterodyne bzw. koh\u00e4rente Detektion). Damit k\u00f6nnen je nach Modell Windmessungen mit typischer Reichweite von 7 bis 10 km (LiTra S) oder 8 to 14\u00a0km (LiTra S+) durchgef\u00fchrt werden.<\/p>\n<p>&nbsp;<\/p>\n<p><strong>Vorteile:<\/strong><\/p>\n<ul>\n<li>Kompakt und modular<\/li>\n<li>Flexibel einstellbare Parameter<\/li>\n<li>Transparente Datenverarbeitung<\/li>\n<li>Voller Zugriff auf gemessene Spektren<\/li>\n<li>Rauscharm<\/li>\n<\/ul>\n<p>&nbsp;<\/p>\n<p><strong>Datenbl\u00e4tter:<\/strong><\/p>\n<p><a href=\"http:\/\/abacus-laser.com\/wp-content\/uploads\/LiTra-S-S-Module-Specs_Rev001_QR.pdf\" target=\"_blank\" rel=\"noopener\">Das entsprechende Datenblatt f\u00fcr das LiTra S\/S+ finden Sie hier<\/a>.<\/p>\n<p>&nbsp;<\/p>\n<p><strong>Beispielmessungen:<\/strong><\/p>\n<p>&nbsp;<\/p>\n<div id=\"attachment_1704\" style=\"width: 674px\"  class=\"wp-caption alignnone\"><a href=\"http:\/\/abacus-laser.com\/wp-content\/uploads\/20221110-Winddaten_S-2.png\" target=\"_blank\" rel=\"noopener\"><img loading=\"lazy\" decoding=\"async\" class=\"wp-image-1704 \" src=\"http:\/\/abacus-laser.com\/wp-content\/uploads\/20221110-Winddaten_S-2.png\" alt=\"\" width=\"664\" height=\"394\" srcset=\"https:\/\/abacus-laser.com\/wp-content\/uploads\/20221110-Winddaten_S-2.png 1070w, https:\/\/abacus-laser.com\/wp-content\/uploads\/20221110-Winddaten_S-2-500x297.png 500w, https:\/\/abacus-laser.com\/wp-content\/uploads\/20221110-Winddaten_S-2-1024x608.png 1024w, https:\/\/abacus-laser.com\/wp-content\/uploads\/20221110-Winddaten_S-2-768x456.png 768w\" sizes=\"auto, (max-width: 664px) 100vw, 664px\" \/><\/a><p class=\"wp-caption-text\">LiTra S Daten: 320 ns, 10 kHz, 1 s Mittelungszeit, 0,52 \u00b0 Elevation<\/p><\/div>\n<p>&nbsp;<\/p>\n<div id=\"attachment_1705\" style=\"width: 674px\"  class=\"wp-caption alignnone\"><a href=\"http:\/\/abacus-laser.com\/wp-content\/uploads\/20221110-Winddaten_S-2-1.png\" target=\"_blank\" rel=\"noopener\"><img loading=\"lazy\" decoding=\"async\" class=\"wp-image-1705 \" src=\"http:\/\/abacus-laser.com\/wp-content\/uploads\/20221110-Winddaten_S-2-1.png\" alt=\"\" width=\"664\" height=\"394\" srcset=\"https:\/\/abacus-laser.com\/wp-content\/uploads\/20221110-Winddaten_S-2-1.png 1070w, https:\/\/abacus-laser.com\/wp-content\/uploads\/20221110-Winddaten_S-2-1-500x297.png 500w, https:\/\/abacus-laser.com\/wp-content\/uploads\/20221110-Winddaten_S-2-1-1024x608.png 1024w, https:\/\/abacus-laser.com\/wp-content\/uploads\/20221110-Winddaten_S-2-1-768x456.png 768w\" sizes=\"auto, (max-width: 664px) 100vw, 664px\" \/><\/a><p class=\"wp-caption-text\">LiTra S+ Daten: 330 ns, 10 kHz, 1 s Mittelungszeit, 0,52 \u00b0 Elevation<\/p><\/div>\n<p>&nbsp;<\/p>\n<div id=\"attachment_1703\" style=\"width: 665px\"  class=\"wp-caption alignnone\"><a href=\"http:\/\/abacus-laser.com\/wp-content\/uploads\/20230830_0300_WindData_s.png\" target=\"_blank\" rel=\"noopener\"><img loading=\"lazy\" decoding=\"async\" class=\"wp-image-1703 \" src=\"http:\/\/abacus-laser.com\/wp-content\/uploads\/20230830_0300_WindData_s.png\" alt=\"\" width=\"655\" height=\"375\" srcset=\"https:\/\/abacus-laser.com\/wp-content\/uploads\/20230830_0300_WindData_s.png 985w, https:\/\/abacus-laser.com\/wp-content\/uploads\/20230830_0300_WindData_s-500x286.png 500w, https:\/\/abacus-laser.com\/wp-content\/uploads\/20230830_0300_WindData_s-768x439.png 768w\" sizes=\"auto, (max-width: 655px) 100vw, 655px\" \/><\/a><p class=\"wp-caption-text\">LiTra S+ Daten: 640 ns, 10 kHz, 1 s Mittelungszeit, 0,5 \u00b0Elevation<\/p><\/div>\n<p>&nbsp;<\/p>\n<p>Wenn die Atmosph\u00e4re die richtigen Bedingungen aufweist, erh\u00e4lt man g\u00fcltige Datenpunkte f\u00fcr fast den gesamten Messbereich.<\/p>\n<p><a href=\"http:\/\/abacus-laser.com\/de\/wind-measurements\/\" target=\"_blank\" rel=\"noopener\">Hier k\u00f6nnen Sie weitere Beispielmessungen unseres LiTra S finden.<\/a><\/p>\n<p>&nbsp;<\/p>\n<p><strong>Live Vorf\u00fchrung<\/strong><\/p>\n<p>Bei Interesse bietet Abacus auch Live-Demonstrationen des LiTra S an. Bitte kontaktieren Sie uns und schildern Sie uns Ihr Anliegen. Wir melden uns dann zeitnah bei Ihnen mit entsprechenden Terminvorschl\u00e4gen f\u00fcr eine digitale Echtzeitmessung am Ger\u00e4t. So haben Sie die M\u00f6glichkeit, das LiTra S im Einsatz zu erleben und wir k\u00f6nnen zugleich gezielt auf Ihre Fragen eingehen.<\/p>\n","protected":false},"excerpt":{"rendered":"<p>Abacus Laser bietet Lidarmodule zur Wind-Fern-Messung an. Reichweiten von 7 bis 14 Kilometer Entfernung werden m\u00f6glich.<\/p>\n","protected":false},"author":1,"featured_media":1630,"parent":0,"menu_order":10,"comment_status":"closed","ping_status":"closed","template":"","meta":{"_acf_changed":false,"footnotes":""},"categories":[6],"class_list":["post-1229","page","type-page","status-publish","has-post-thumbnail","hentry","category-teaser-index"],"acf":[],"aioseo_notices":[],"_links":{"self":[{"href":"https:\/\/abacus-laser.com\/de\/wp-json\/wp\/v2\/pages\/1229","targetHints":{"allow":["GET"]}}],"collection":[{"href":"https:\/\/abacus-laser.com\/de\/wp-json\/wp\/v2\/pages"}],"about":[{"href":"https:\/\/abacus-laser.com\/de\/wp-json\/wp\/v2\/types\/page"}],"author":[{"embeddable":true,"href":"https:\/\/abacus-laser.com\/de\/wp-json\/wp\/v2\/users\/1"}],"replies":[{"embeddable":true,"href":"https:\/\/abacus-laser.com\/de\/wp-json\/wp\/v2\/comments?post=1229"}],"version-history":[{"count":62,"href":"https:\/\/abacus-laser.com\/de\/wp-json\/wp\/v2\/pages\/1229\/revisions"}],"predecessor-version":[{"id":1743,"href":"https:\/\/abacus-laser.com\/de\/wp-json\/wp\/v2\/pages\/1229\/revisions\/1743"}],"wp:featuredmedia":[{"embeddable":true,"href":"https:\/\/abacus-laser.com\/de\/wp-json\/wp\/v2\/media\/1630"}],"wp:attachment":[{"href":"https:\/\/abacus-laser.com\/de\/wp-json\/wp\/v2\/media?parent=1229"}],"wp:term":[{"taxonomy":"category","embeddable":true,"href":"https:\/\/abacus-laser.com\/de\/wp-json\/wp\/v2\/categories?post=1229"}],"curies":[{"name":"wp","href":"https:\/\/api.w.org\/{rel}","templated":true}]}}