{"id":1237,"date":"2021-06-21T12:33:31","date_gmt":"2021-06-21T10:33:31","guid":{"rendered":"https:\/\/abacus-laser.com\/de\/?page_id=1237"},"modified":"2022-05-30T13:02:22","modified_gmt":"2022-05-30T11:02:22","slug":"spezialauftraege-und-lasersonderentwicklung-neu","status":"publish","type":"page","link":"https:\/\/abacus-laser.com\/de\/spezialauftraege-und-lasersonderentwicklung-neu\/","title":{"rendered":"Laserentwicklung"},"content":{"rendered":"<p><strong>Laserentwicklung<\/strong><\/p>\n<p>Abacus Laser macht innovative und ungew\u00f6hnliche Lasersysteme m\u00f6glich.<\/p>\n<p>Wir haben Expertenwissen und jahrelange Erfahrung bei Festk\u00f6rperlasern und Faserlasern mit Pulsdauern l\u00e4nger als 10 ps bishin zu cw. Abacus ber\u00e4t Sie gerne dazu, was nach derzeitigem Stand m\u00f6glich ist &#8211; egal ob:<\/p>\n<ul>\n<li>Ungew\u00f6hnliche Wellenl\u00e4ngen mit neuartigen Verst\u00e4rkermaterialien, insbesondere Erbium, Thulium und Holmium-dotierte Materialien,<\/li>\n<li>Hohe Leistungen und hohe Pulsenergien in modernen Laserkonzepten, z.B. mit Slab- oder St\u00e4bchen-Geometrien,<\/li>\n<li>Single mode und single frequency,<\/li>\n<li>Lasersimulation,<\/li>\n<li>Kompakte und kosteneffiziente Aufbauten.<\/li>\n<\/ul>\n<p>Zudem sind wir in der Laserwelt gut vernetzt und kennen uns mit dem weltweiten Stand der Technik und den passenden Lieferanten aus.<\/p>\n<p>Sprechen Sie uns auch schon in einem fr\u00fchen Stadium an und wir entwickeln gemeinsam mit Ihnen ein Konzept.<\/p>\n<p><span style=\"color: #ff0000;\"><a href=\"mailto:info@abacus-laser.com\">Kontaktieren Sie uns jetzt<\/a><br \/>\n<\/span><\/p>\n","protected":false},"excerpt":{"rendered":"<p>Abacus Laser ist spezialisiert auf die Entwicklung kundenspezifischer Speziall\u00f6sungen in den Bereichen Laser, optische Fernerkundung und optische Messtechnik.<\/p>\n","protected":false},"author":1,"featured_media":1613,"parent":0,"menu_order":30,"comment_status":"closed","ping_status":"closed","template":"","meta":{"_acf_changed":false,"footnotes":""},"categories":[6],"class_list":["post-1237","page","type-page","status-publish","has-post-thumbnail","hentry","category-teaser-index"],"acf":[],"aioseo_notices":[],"_links":{"self":[{"href":"https:\/\/abacus-laser.com\/de\/wp-json\/wp\/v2\/pages\/1237","targetHints":{"allow":["GET"]}}],"collection":[{"href":"https:\/\/abacus-laser.com\/de\/wp-json\/wp\/v2\/pages"}],"about":[{"href":"https:\/\/abacus-laser.com\/de\/wp-json\/wp\/v2\/types\/page"}],"author":[{"embeddable":true,"href":"https:\/\/abacus-laser.com\/de\/wp-json\/wp\/v2\/users\/1"}],"replies":[{"embeddable":true,"href":"https:\/\/abacus-laser.com\/de\/wp-json\/wp\/v2\/comments?post=1237"}],"version-history":[{"count":31,"href":"https:\/\/abacus-laser.com\/de\/wp-json\/wp\/v2\/pages\/1237\/revisions"}],"predecessor-version":[{"id":1623,"href":"https:\/\/abacus-laser.com\/de\/wp-json\/wp\/v2\/pages\/1237\/revisions\/1623"}],"wp:featuredmedia":[{"embeddable":true,"href":"https:\/\/abacus-laser.com\/de\/wp-json\/wp\/v2\/media\/1613"}],"wp:attachment":[{"href":"https:\/\/abacus-laser.com\/de\/wp-json\/wp\/v2\/media?parent=1237"}],"wp:term":[{"taxonomy":"category","embeddable":true,"href":"https:\/\/abacus-laser.com\/de\/wp-json\/wp\/v2\/categories?post=1237"}],"curies":[{"name":"wp","href":"https:\/\/api.w.org\/{rel}","templated":true}]}}