{"id":1247,"date":"2021-06-21T12:29:14","date_gmt":"2021-06-21T10:29:14","guid":{"rendered":"https:\/\/abacus-laser.com\/de\/?page_id=1247"},"modified":"2024-11-06T14:53:16","modified_gmt":"2024-11-06T13:53:16","slug":"unternehmensgeschichte-und-leitbild-neu","status":"publish","type":"page","link":"https:\/\/abacus-laser.com\/de\/unternehmensgeschichte-und-leitbild-neu\/","title":{"rendered":"Unternehmensgeschichte und Leitbild"},"content":{"rendered":"<h2>Unternehmensgeschichte<\/h2>\n<p>Abacus Laser wurde 2014 von Dr. Christoph Bollig gegr\u00fcndet. Erste Auftr\u00e4ge waren im Bereich Planung und Beratung sowie Wartung und Modifikation von Lidarsystemen bei Kunden.<\/p>\n<p>Im Jahr 2015 startete das Unternehmen die erste Hardwareentwicklung f\u00fcr Windlidar. Dazu bezog Abacus Laser R\u00e4ume im G\u00f6ttinger Technologie- und Gr\u00fcnderzentrum (G\u00f6Tec) und richtete dort Entwicklungslabore ein. Im G\u00f6tec fand das Unternehmen mit der angrenzenden HAWK (Hochschule f\u00fcr angewandte Wissenschaft und Kunst), einem Anwendungszentrum des Fraunhofer-Instituts f\u00fcr Schicht- und Oberfl\u00e4chentechnik IST und vielen weiteren innovativen Firmen im selben Haus, ein ideales Umfeld f\u00fcr Kooperationen.<\/p>\n<p>Ein besonderer Schwerpunkt des Unternehmens ist es, Wind-Lidar-Module zu entwickeln und als Produkte anzubieten (<span style=\"color: #0000ff;\"><a style=\"color: #0000ff;\" href=\"https:\/\/abacus-laser.com\/de\/litra-s-neu\/\">siehe LiTra S<\/a><\/span>). Neben der eigenen Entwicklung bietet Abacus Laser kundenspezifische Speziall\u00f6sungen in den Bereichen Laser, optische Fernerkundung (Lidar) und optische Messtechnik an.<\/p>\n<p>Das Unternehmen kann dabei auf \u00fcber 25 Jahre Erfahrung in Laserentwicklung, Lidar und koh\u00e4renter Detektion zur\u00fcckgreifen und hat eine weltweit einzigartige Kompetenz im Bereich einfrequente gepulste Laser, Laser im augensicheren Wellenl\u00e4ngenbereich und koh\u00e4rentem Lidar. Abacus Laser ist bestens vernetzt mit nationalen und internationalen Instituten. So wurden unter Anderem bereits erfolgreich Projekte f\u00fcr das DLR (Deutsche Zentrum f\u00fcr Luft- und Raumfahrt), das Leibnitz-Institutes f\u00fcr Troposph\u00e4renforschung in Leipzig sowie das Fraunhofer-Institut f\u00fcr Physikalische Messtechnik (Fraunhofer IPM) in Freiburg durchgef\u00fchrt.<\/p>\n<p>Im Juli 2020 wurde das Forschungsprojekt WindRamp zur Entwicklung eines Wind-Lidars mit gro\u00dfer Reichweite (~30 km) mit\u00a0 Abacus Laser GmbH als ma\u00dfgeblichem Projektpartner gestartet. Derzeit besch\u00e4ftigt die Abacus Laser GmbH ein Team von zehn Personen, die ambitioniert an neuartiger Lidar-Technologie arbeiten. F\u00fcr die kommenden Jahre sind bereits interessante Produkte in der Pipeline.<\/p>\n<h2>Leitbild<\/h2>\n<p>Als Technologieunternehmen stehen wir f\u00fcr Innovation und Kreativit\u00e4t. Dar\u00fcber hinaus m\u00f6chten wir ein Unternehmen schaffen, das<\/p>\n<ul>\n<li>einen Beitrag zur Ver\u00e4nderung der Arbeitswelt leistet,<\/li>\n<li>ein attraktives Arbeitsklima f\u00fcr unsere Mitarbeiterinnen und Mitarbeiter schafft,<\/li>\n<li>gro\u00dfartiges leisten kann, weil jede und jeder Einzelne in unserem Team ihr\/sein volles Potenzial entfaltet.<\/li>\n<\/ul>\n<p>Grundlage daf\u00fcr sind Wertsch\u00e4tzung, Respekt und ein ehrlicher, offener Umgang miteinander. F\u00fcr die konkrete Umsetzung nutzen wir das Konzept der Gewaltfreien Kommunikation nach Marshall Rosenberg.<\/p>\n<p>Diese Kommunikationsmethode bietet eine leicht verst\u00e4ndliche und praktisch anwendbare Struktur f\u00fcr Kommunikation und Selbstmanagement. Sie weist Wege, wie jeder f\u00fcr sich selbst eintreten und gleichzeitig die Bed\u00fcrfnisse des Gegen\u00fcbers im Blick behalten kann. So werden L\u00f6sungen gefunden, die f\u00fcr alle funktionieren, die keine Verlierer brauchen und zu langfristig tragf\u00e4higen Beziehungen f\u00fchren.<\/p>\n<p>Inspiriert hat uns dar\u00fcber hinaus \u201eReinventing Organizations\u201c von Frederic Laloux. In seiner Untersuchung identifiziert er Ganzheitlichkeit, Selbstverantwortung und Sinnhaftigkeit als wesentliche Erfolgsfaktoren f\u00fcr ein Unternehmen.<\/p>\n<p>In der Aprilausgabe 2019 des Wirtschaftsmagazins <strong>brand eins<\/strong> ist ein Artikel \u00fcber uns erschienen. <a href=\"https:\/\/www.brandeins.de\/magazine\/brand-eins-wirtschaftsmagazin\/2019\/gefuehle\/mensch-kollege\" target=\"_blank\" rel=\"noopener\">Sie finden ihn hier.<\/a><\/p>\n<p>&nbsp;<\/p>\n","protected":false},"excerpt":{"rendered":"<p>Unternehmensgeschichte Abacus Laser wurde 2014 von Dr. Christoph Bollig gegr\u00fcndet. Erste Auftr\u00e4ge waren im Bereich Planung und Beratung sowie Wartung und Modifikation von Lidarsystemen bei &#8230;<\/p>\n","protected":false},"author":1,"featured_media":899,"parent":0,"menu_order":20,"comment_status":"closed","ping_status":"closed","template":"","meta":{"_acf_changed":false,"footnotes":""},"categories":[],"class_list":["post-1247","page","type-page","status-publish","has-post-thumbnail","hentry"],"acf":[],"aioseo_notices":[],"_links":{"self":[{"href":"https:\/\/abacus-laser.com\/de\/wp-json\/wp\/v2\/pages\/1247","targetHints":{"allow":["GET"]}}],"collection":[{"href":"https:\/\/abacus-laser.com\/de\/wp-json\/wp\/v2\/pages"}],"about":[{"href":"https:\/\/abacus-laser.com\/de\/wp-json\/wp\/v2\/types\/page"}],"author":[{"embeddable":true,"href":"https:\/\/abacus-laser.com\/de\/wp-json\/wp\/v2\/users\/1"}],"replies":[{"embeddable":true,"href":"https:\/\/abacus-laser.com\/de\/wp-json\/wp\/v2\/comments?post=1247"}],"version-history":[{"count":21,"href":"https:\/\/abacus-laser.com\/de\/wp-json\/wp\/v2\/pages\/1247\/revisions"}],"predecessor-version":[{"id":1871,"href":"https:\/\/abacus-laser.com\/de\/wp-json\/wp\/v2\/pages\/1247\/revisions\/1871"}],"wp:featuredmedia":[{"embeddable":true,"href":"https:\/\/abacus-laser.com\/de\/wp-json\/wp\/v2\/media\/899"}],"wp:attachment":[{"href":"https:\/\/abacus-laser.com\/de\/wp-json\/wp\/v2\/media?parent=1247"}],"wp:term":[{"taxonomy":"category","embeddable":true,"href":"https:\/\/abacus-laser.com\/de\/wp-json\/wp\/v2\/categories?post=1247"}],"curies":[{"name":"wp","href":"https:\/\/api.w.org\/{rel}","templated":true}]}}