{"id":1249,"date":"2021-06-21T12:29:07","date_gmt":"2021-06-21T10:29:07","guid":{"rendered":"https:\/\/abacus-laser.com\/de\/?page_id=1249"},"modified":"2021-06-30T12:32:50","modified_gmt":"2021-06-30T10:32:50","slug":"jobangebote-neu","status":"publish","type":"page","link":"https:\/\/abacus-laser.com\/de\/jobangebote-neu\/","title":{"rendered":"Jobangebote"},"content":{"rendered":"<p>Wir sind ein best\u00e4ndig sich weiterentwickelndes Unternehmen mit einem wachsenden Team.<\/p>\n<p>Folgend einige Gr\u00fcnde, warum man zu Abacus Laser kommen sollte:<\/p>\n<ul>\n<li>Unser Teammodell ist fortschrittlich und zukunftr\u00e4chtig: Wer will nicht in einem Team arbeiten, wo man als Mensch wirklich z\u00e4hlt und nicht nur seine Leistung. Wo man auch mal Fehler machen darf und nicht perfekt sein muss.<\/li>\n<li>Wir wollen etwas bewegen &#8211; wir werden etwas bewegen. Und das gemeinsam miteinander.<\/li>\n<li>Die eigenen Ideen werden ernst genommen und wenn man m\u00f6chte, kann man auch seine Idee ausprobieren.<\/li>\n<li>Wir sind offen f\u00fcr besondere W\u00fcnsche und Anforderungen (halbe Stellen, dreiviertel Stellen, teils Home Office, teils im B\u00fcro&#8230;)<\/li>\n<\/ul>\n<p>&nbsp;<\/p>\n<p>Wir freuen uns \u00fcber Ihre Initiativbewerbung.<\/p>\n<p>Diese schicken Sie bitte an folgende E-Mail Adresse:<a href=\"mailto:jobs@abacus-laser.com\"> jobs@abacus-laser.com<\/a><\/p>\n<p>Gerade Bachelor- und Masterstudierende k\u00f6nnen hin und wieder spannende Projekte bei uns begleiten oder selbstverantwortlich durchf\u00fchren. Sprechen Sie uns dazu einfach an.<\/p>\n<p>&nbsp;<\/p>\n<p>&nbsp;<\/p>\n<p><strong>Stellenausschreibungen<\/strong><\/p>\n<p>Aktuell gibt es keine offenen Ausschreibungen<\/p>\n<p>&nbsp;<\/p>\n","protected":false},"excerpt":{"rendered":"<p>Wir sind ein best\u00e4ndig sich weiterentwickelndes Unternehmen mit einem wachsenden Team. Folgend einige Gr\u00fcnde, warum man zu Abacus Laser kommen sollte: Unser Teammodell ist fortschrittlich &#8230;<\/p>\n","protected":false},"author":1,"featured_media":1289,"parent":0,"menu_order":30,"comment_status":"closed","ping_status":"closed","template":"","meta":{"_acf_changed":false,"footnotes":""},"categories":[],"class_list":["post-1249","page","type-page","status-publish","has-post-thumbnail","hentry"],"acf":[],"aioseo_notices":[],"_links":{"self":[{"href":"https:\/\/abacus-laser.com\/de\/wp-json\/wp\/v2\/pages\/1249","targetHints":{"allow":["GET"]}}],"collection":[{"href":"https:\/\/abacus-laser.com\/de\/wp-json\/wp\/v2\/pages"}],"about":[{"href":"https:\/\/abacus-laser.com\/de\/wp-json\/wp\/v2\/types\/page"}],"author":[{"embeddable":true,"href":"https:\/\/abacus-laser.com\/de\/wp-json\/wp\/v2\/users\/1"}],"replies":[{"embeddable":true,"href":"https:\/\/abacus-laser.com\/de\/wp-json\/wp\/v2\/comments?post=1249"}],"version-history":[{"count":13,"href":"https:\/\/abacus-laser.com\/de\/wp-json\/wp\/v2\/pages\/1249\/revisions"}],"predecessor-version":[{"id":1525,"href":"https:\/\/abacus-laser.com\/de\/wp-json\/wp\/v2\/pages\/1249\/revisions\/1525"}],"wp:featuredmedia":[{"embeddable":true,"href":"https:\/\/abacus-laser.com\/de\/wp-json\/wp\/v2\/media\/1289"}],"wp:attachment":[{"href":"https:\/\/abacus-laser.com\/de\/wp-json\/wp\/v2\/media?parent=1249"}],"wp:term":[{"taxonomy":"category","embeddable":true,"href":"https:\/\/abacus-laser.com\/de\/wp-json\/wp\/v2\/categories?post=1249"}],"curies":[{"name":"wp","href":"https:\/\/api.w.org\/{rel}","templated":true}]}}