{"id":1400,"date":"2021-06-21T12:28:39","date_gmt":"2021-06-21T10:28:39","guid":{"rendered":"https:\/\/abacus-laser.com\/de\/?page_id=1400"},"modified":"2021-06-30T12:31:59","modified_gmt":"2021-06-30T10:31:59","slug":"sonderanfertigung-neu","status":"publish","type":"page","link":"https:\/\/abacus-laser.com\/de\/sonderanfertigung-neu\/","title":{"rendered":"Sonderanfertigung"},"content":{"rendered":"<p><strong>Sonderanfertigung<\/strong><\/p>\n<p>Abacus Laser kann flexible Anpassungen an unseren Ger\u00e4ten anbieten und kundenspezifische W\u00fcnsche erf\u00fcllen.<\/p>\n<p>Dabei kann es unter anderem um Variationen des LiTra S gehen, oder aber auch um ganz neue Technologien.<\/p>\n<p>&nbsp;<\/p>\n<p><strong>Beispiel<\/strong><\/p>\n<p>Ein aktuelles Beispiel ist die Sonderanfertigung f\u00fcr das Hamburger Max-Planck-Institut f\u00fcr Meterologie:<\/p>\n<div>\n<div>Das speziell angefertigte Ger\u00e4t hat eine gro\u00dfe Schnittmenge mit dem LiTra S seitens der Performance und Hardware. Der signifikante Unterschied ist, dass das Teleskop und ein Teil der Faseroptik r\u00e4umlich weit (bis zu 5m) von der Elektronik getrennt sind. Dadurch erreicht die Sonderanfertigung:<\/div>\n<ul>\n<li>Gewichtsreduktion des faseroptischen Teils sowie des Teleskops im Vergleich zum Standardgeh\u00e4use,<\/li>\n<li>weniger Platzbedarf f\u00fcr Teleskop und Faseroptikbox und<\/li>\n<li>mehr Flexibilit\u00e4t bei der Integration in bestehende Systeme.<\/li>\n<\/ul>\n<\/div>\n<p>&nbsp;<\/p>\n<p>Z\u00f6gern Sie nicht uns mit ihren Anpassungsw\u00fcnschen, Sonderanfertigungen oder neuartigen Produktw\u00fcnschen anzusprechen.<\/p>\n<p>Kommen Sie bereits fr\u00fchzeitig auf uns zu und wir entwerfen ein Konzept.<\/p>\n<p><a href=\"mailto:info@abacus-laser.com\">Kontaktieren Sie uns jetzt<\/a><\/p>\n","protected":false},"excerpt":{"rendered":"<p>Sonderanfertigung Abacus Laser kann flexible Anpassungen an unseren Ger\u00e4ten anbieten und kundenspezifische W\u00fcnsche erf\u00fcllen. Dabei kann es unter anderem um Variationen des LiTra S gehen, &#8230;<\/p>\n","protected":false},"author":1,"featured_media":1500,"parent":0,"menu_order":0,"comment_status":"closed","ping_status":"closed","template":"","meta":{"_acf_changed":false,"footnotes":""},"categories":[],"class_list":["post-1400","page","type-page","status-publish","has-post-thumbnail","hentry"],"acf":[],"aioseo_notices":[],"_links":{"self":[{"href":"https:\/\/abacus-laser.com\/de\/wp-json\/wp\/v2\/pages\/1400","targetHints":{"allow":["GET"]}}],"collection":[{"href":"https:\/\/abacus-laser.com\/de\/wp-json\/wp\/v2\/pages"}],"about":[{"href":"https:\/\/abacus-laser.com\/de\/wp-json\/wp\/v2\/types\/page"}],"author":[{"embeddable":true,"href":"https:\/\/abacus-laser.com\/de\/wp-json\/wp\/v2\/users\/1"}],"replies":[{"embeddable":true,"href":"https:\/\/abacus-laser.com\/de\/wp-json\/wp\/v2\/comments?post=1400"}],"version-history":[{"count":27,"href":"https:\/\/abacus-laser.com\/de\/wp-json\/wp\/v2\/pages\/1400\/revisions"}],"predecessor-version":[{"id":1520,"href":"https:\/\/abacus-laser.com\/de\/wp-json\/wp\/v2\/pages\/1400\/revisions\/1520"}],"wp:featuredmedia":[{"embeddable":true,"href":"https:\/\/abacus-laser.com\/de\/wp-json\/wp\/v2\/media\/1500"}],"wp:attachment":[{"href":"https:\/\/abacus-laser.com\/de\/wp-json\/wp\/v2\/media?parent=1400"}],"wp:term":[{"taxonomy":"category","embeddable":true,"href":"https:\/\/abacus-laser.com\/de\/wp-json\/wp\/v2\/categories?post=1400"}],"curies":[{"name":"wp","href":"https:\/\/api.w.org\/{rel}","templated":true}]}}