{"id":1676,"date":"2023-09-07T15:45:39","date_gmt":"2023-09-07T13:45:39","guid":{"rendered":"https:\/\/abacus-laser.com\/?page_id=1676"},"modified":"2023-09-11T17:22:54","modified_gmt":"2023-09-11T15:22:54","slug":"litra-hsr","status":"publish","type":"page","link":"https:\/\/abacus-laser.com\/de\/litra-hsr\/","title":{"rendered":"LiTra HSR"},"content":{"rendered":"<p><strong>LiTra HSR<\/strong><\/p>\n<p>HSR steht f\u00fcr High Spectral Resolution (hohe spektrale Aufl\u00f6sung). Zusammen mit unserer LiTra-Technologie erm\u00f6glicht das LiTra HSR-Modul die Detektion und Unterscheidung zwischen Mie- und Rayleigh-Streuung. Unsere Module beinhalten das komplette optische System, d.h. einen schmalbandigen Referenzlaser, einen gepulsten Einfrequenzlaser, das Teleskop und die Detektion durch optische \u00dcberlagerung (heterodyne oder koh\u00e4rente Detektion).<\/p>\n<p>&nbsp;<\/p>\n<p><strong>Advantages of the LiTra HSR<\/strong><\/p>\n<ul>\n<li>Koh\u00e4rentes High Spectral Resolution Doppler Lidar<\/li>\n<li>M\u00f6gliche Wellenl\u00e4ngen: 532 nm und\/oder 1064 nm<\/li>\n<li>Kombinierte Detektion von Mie- und Rayleigh-Streuung<\/li>\n<li>Flexibel einstellbare Parameter<\/li>\n<li>Verf\u00fcgbar mit Pulsenergie von mJ bis einige 100 mJ<\/li>\n<\/ul>\n<p>&nbsp;<\/p>\n<p><strong>Datenblatt<\/strong><\/p>\n<p><a href=\"http:\/\/abacus-laser.com\/wp-content\/uploads\/LiTra-HSR-Module-Specs_Rev001_QR.pdf\" target=\"_blank\" rel=\"noopener\">Das entsprechende Datenblatt f\u00fcr das LiTra HSR finden Sie hier.<\/a><\/p>\n<p>&nbsp;<\/p>\n<p><strong>Beispielmessungen<\/strong><\/p>\n<p>Vertikale Beispielmessung mit dem TROPOS ProDoLi, welches ein LiTra HSR mit 2 mJ Pulsenergie bei 532 nm verwendet.<\/p>\n<p>&nbsp;<\/p>\n<div id=\"attachment_1694\" style=\"width: 705px\"  class=\"wp-caption alignnone\"><a href=\"http:\/\/abacus-laser.com\/wp-content\/uploads\/Talk-Page-12.jpg\" target=\"_blank\" rel=\"noopener\"><img loading=\"lazy\" decoding=\"async\" class=\"wp-image-1694\" src=\"http:\/\/abacus-laser.com\/wp-content\/uploads\/Talk-Page-12_kleiner-1.jpg\" alt=\"\" width=\"695\" height=\"889\" srcset=\"https:\/\/abacus-laser.com\/wp-content\/uploads\/Talk-Page-12_kleiner-1.jpg 938w, https:\/\/abacus-laser.com\/wp-content\/uploads\/Talk-Page-12_kleiner-1-391x500.jpg 391w, https:\/\/abacus-laser.com\/wp-content\/uploads\/Talk-Page-12_kleiner-1-800x1024.jpg 800w, https:\/\/abacus-laser.com\/wp-content\/uploads\/Talk-Page-12_kleiner-1-768x983.jpg 768w, https:\/\/abacus-laser.com\/wp-content\/uploads\/Talk-Page-12_kleiner-1-400x512.jpg 400w\" sizes=\"auto, (max-width: 695px) 100vw, 695px\" \/><\/a><p class=\"wp-caption-text\">Vertikale Windmessung mit dem LiTra HSR &#8211; Mit freundlicher Genehmigung von Felix Fritzsch (TROPOS), ver\u00f6ffentlicht in F. Fritzsch et al.: Setup and First Measurements of a Novel Coherent Heterodyne Green Doppler Lidar System \u2010 Achievements and Challenges, European Lidar Conference, Cluj-Napoca, 13 September 2023<\/p><\/div>\n<p>Dieses Projekt ist Teil von ACTRIS-D, welches vom deutschen Bundesministerium f\u00fcr Bildung und Forschung unter der Nummer 01LK2001A gef\u00f6rdert wird.<\/p>\n<p>&nbsp;<\/p>\n<p><a href=\"https:\/\/www.tropos.de\/actris-d\" target=\"_blank\" rel=\"noopener\"><img loading=\"lazy\" decoding=\"async\" class=\"alignleft wp-image-1746\" src=\"http:\/\/abacus-laser.com\/wp-content\/uploads\/csm_ACTRIS-D_Logo_Germany_FINALE_779ad892db.jpg\" alt=\"\" width=\"644\" height=\"386\" srcset=\"https:\/\/abacus-laser.com\/wp-content\/uploads\/csm_ACTRIS-D_Logo_Germany_FINALE_779ad892db.jpg 1024w, https:\/\/abacus-laser.com\/wp-content\/uploads\/csm_ACTRIS-D_Logo_Germany_FINALE_779ad892db-500x300.jpg 500w, https:\/\/abacus-laser.com\/wp-content\/uploads\/csm_ACTRIS-D_Logo_Germany_FINALE_779ad892db-768x461.jpg 768w\" sizes=\"auto, (max-width: 644px) 100vw, 644px\" \/><\/a><\/p>\n","protected":false},"excerpt":{"rendered":"<p>Abacus Laser bietet Lidarmodule zur Wind-Fern-Messung an.<\/p>\n","protected":false},"author":1,"featured_media":1678,"parent":0,"menu_order":0,"comment_status":"closed","ping_status":"closed","template":"","meta":{"_acf_changed":false,"footnotes":""},"categories":[6],"class_list":["post-1676","page","type-page","status-publish","has-post-thumbnail","hentry","category-teaser-index"],"acf":[],"aioseo_notices":[],"_links":{"self":[{"href":"https:\/\/abacus-laser.com\/de\/wp-json\/wp\/v2\/pages\/1676","targetHints":{"allow":["GET"]}}],"collection":[{"href":"https:\/\/abacus-laser.com\/de\/wp-json\/wp\/v2\/pages"}],"about":[{"href":"https:\/\/abacus-laser.com\/de\/wp-json\/wp\/v2\/types\/page"}],"author":[{"embeddable":true,"href":"https:\/\/abacus-laser.com\/de\/wp-json\/wp\/v2\/users\/1"}],"replies":[{"embeddable":true,"href":"https:\/\/abacus-laser.com\/de\/wp-json\/wp\/v2\/comments?post=1676"}],"version-history":[{"count":32,"href":"https:\/\/abacus-laser.com\/de\/wp-json\/wp\/v2\/pages\/1676\/revisions"}],"predecessor-version":[{"id":1750,"href":"https:\/\/abacus-laser.com\/de\/wp-json\/wp\/v2\/pages\/1676\/revisions\/1750"}],"wp:featuredmedia":[{"embeddable":true,"href":"https:\/\/abacus-laser.com\/de\/wp-json\/wp\/v2\/media\/1678"}],"wp:attachment":[{"href":"https:\/\/abacus-laser.com\/de\/wp-json\/wp\/v2\/media?parent=1676"}],"wp:term":[{"taxonomy":"category","embeddable":true,"href":"https:\/\/abacus-laser.com\/de\/wp-json\/wp\/v2\/categories?post=1676"}],"curies":[{"name":"wp","href":"https:\/\/api.w.org\/{rel}","templated":true}]}}