{"id":1707,"date":"2023-09-07T17:22:39","date_gmt":"2023-09-07T15:22:39","guid":{"rendered":"https:\/\/abacus-laser.com\/?page_id=1707"},"modified":"2024-08-08T14:05:23","modified_gmt":"2024-08-08T12:05:23","slug":"litra-l","status":"publish","type":"page","link":"https:\/\/abacus-laser.com\/de\/litra-l\/","title":{"rendered":"LiTra L"},"content":{"rendered":"<p><strong>LiTra L<\/strong><\/p>\n<p>Das neueste Mitglied unserer Produktfamilie, das LiTra L. Es befindet sich noch in der Entwicklung und wird voraussichtlich Anfang 2025 auf den Markt kommen. Kontaktieren Sie uns f\u00fcr weitere Informationen oder Angebote.<\/p>\n<p>Im LiTra L haben wir unsere LiTra-Technologie mit einem zus\u00e4tzlichen Verst\u00e4rker kombiniert, um noch h\u00f6here Messbereiche zu erreichen. Unsere Module enthalten das komplette optische System, d.h. einen schmalbandigen Referenzlaser, einen gepulsten Einfrequenzlaser, das Teleskop und die Detektion durch optische \u00dcberlagerung (heterodyne oder koh\u00e4rente Detektion). Mit diesem Ansatz wurden erste Windmessungen mit einer Reichweite von bis zu 35 km erzielt.<\/p>\n<p>&nbsp;<\/p>\n<p><strong>Vorteile des LiTra L:<\/strong><\/p>\n<ul>\n<li>Gro\u00dfe Reichweite: <span class=\"ui-provider a b c d e f g h i j k l m n o p q r s t u v w x y z ab ac ae af ag ah ai aj ak\" dir=\"ltr\">20 bis 35 km typische horizontale Reichweite<\/span><\/li>\n<li>Flexibel einstellbare Parameter<\/li>\n<li>Transparente Datenverarbeitung<\/li>\n<li>Voller Zugriff auf gemessene Spektren<\/li>\n<li>Rauscharm<\/li>\n<\/ul>\n<p>&nbsp;<\/p>\n<p>&nbsp;<\/p>\n<p><strong>Datenblatt:<\/strong><\/p>\n<p><a href=\"http:\/\/abacus-laser.com\/wp-content\/uploads\/LiTra-L-Module-Specs_Rev003.pdf\" target=\"_blank\" rel=\"noopener\">Das entsprechende Datenblatt f\u00fcr das LiTra L finden Sie hier.<\/a><\/p>\n<p>&nbsp;<\/p>\n<p><strong>Beispielmessung:<\/strong><\/p>\n<div id=\"attachment_1852\" style=\"width: 1010px\"  class=\"wp-caption alignnone\"><img loading=\"lazy\" decoding=\"async\" class=\"wp-image-1852\" src=\"http:\/\/abacus-laser.com\/wp-content\/uploads\/20231014_WindData_L.jpg\" alt=\"\" width=\"1000\" height=\"610\" srcset=\"https:\/\/abacus-laser.com\/wp-content\/uploads\/20231014_WindData_L.jpg 1540w, https:\/\/abacus-laser.com\/wp-content\/uploads\/20231014_WindData_L-500x305.jpg 500w, https:\/\/abacus-laser.com\/wp-content\/uploads\/20231014_WindData_L-1024x624.jpg 1024w, https:\/\/abacus-laser.com\/wp-content\/uploads\/20231014_WindData_L-768x468.jpg 768w, https:\/\/abacus-laser.com\/wp-content\/uploads\/20231014_WindData_L-1536x937.jpg 1536w\" sizes=\"auto, (max-width: 1000px) 100vw, 1000px\" \/><p class=\"wp-caption-text\">Horizontale Windmessung mit dem LiTra L bei 0.6\u00b0 Messwinkel.<\/p><\/div>\n","protected":false},"excerpt":{"rendered":"<p>Abacus Laser bietet Lidarmodule zur Wind-Fern-Messung an.<\/p>\n","protected":false},"author":1,"featured_media":982,"parent":0,"menu_order":0,"comment_status":"closed","ping_status":"closed","template":"","meta":{"_acf_changed":false,"footnotes":""},"categories":[6],"class_list":["post-1707","page","type-page","status-publish","has-post-thumbnail","hentry","category-teaser-index"],"acf":[],"aioseo_notices":[],"_links":{"self":[{"href":"https:\/\/abacus-laser.com\/de\/wp-json\/wp\/v2\/pages\/1707","targetHints":{"allow":["GET"]}}],"collection":[{"href":"https:\/\/abacus-laser.com\/de\/wp-json\/wp\/v2\/pages"}],"about":[{"href":"https:\/\/abacus-laser.com\/de\/wp-json\/wp\/v2\/types\/page"}],"author":[{"embeddable":true,"href":"https:\/\/abacus-laser.com\/de\/wp-json\/wp\/v2\/users\/1"}],"replies":[{"embeddable":true,"href":"https:\/\/abacus-laser.com\/de\/wp-json\/wp\/v2\/comments?post=1707"}],"version-history":[{"count":16,"href":"https:\/\/abacus-laser.com\/de\/wp-json\/wp\/v2\/pages\/1707\/revisions"}],"predecessor-version":[{"id":1857,"href":"https:\/\/abacus-laser.com\/de\/wp-json\/wp\/v2\/pages\/1707\/revisions\/1857"}],"wp:featuredmedia":[{"embeddable":true,"href":"https:\/\/abacus-laser.com\/de\/wp-json\/wp\/v2\/media\/982"}],"wp:attachment":[{"href":"https:\/\/abacus-laser.com\/de\/wp-json\/wp\/v2\/media?parent=1707"}],"wp:term":[{"taxonomy":"category","embeddable":true,"href":"https:\/\/abacus-laser.com\/de\/wp-json\/wp\/v2\/categories?post=1707"}],"curies":[{"name":"wp","href":"https:\/\/api.w.org\/{rel}","templated":true}]}}