{"id":1861,"date":"2024-09-12T14:50:31","date_gmt":"2024-09-12T12:50:31","guid":{"rendered":"https:\/\/abacus-laser.com\/de\/?page_id=1861"},"modified":"2024-09-17T14:07:18","modified_gmt":"2024-09-17T12:07:18","slug":"hannah","status":"publish","type":"page","link":"https:\/\/abacus-laser.com\/de\/team\/hannah\/","title":{"rendered":"Hanah"},"content":{"rendered":"<p>Unser offizieller B\u00fcro Hund. Sie l\u00e4sst sich gerne kraulen, schl\u00e4ft am liebsten unter einem Schreibtisch und motiviert uns immer wieder zur aktiven Mittagspause mit Spazierg\u00e4ngen im Wald.<\/p>\n","protected":false},"excerpt":{"rendered":"<p>Unser offizieller B\u00fcro Hund<\/p>\n","protected":false},"author":1,"featured_media":1862,"parent":661,"menu_order":200,"comment_status":"closed","ping_status":"closed","template":"","meta":{"_acf_changed":false,"footnotes":""},"categories":[],"class_list":["post-1861","page","type-page","status-publish","has-post-thumbnail","hentry"],"acf":[],"aioseo_notices":[],"_links":{"self":[{"href":"https:\/\/abacus-laser.com\/de\/wp-json\/wp\/v2\/pages\/1861","targetHints":{"allow":["GET"]}}],"collection":[{"href":"https:\/\/abacus-laser.com\/de\/wp-json\/wp\/v2\/pages"}],"about":[{"href":"https:\/\/abacus-laser.com\/de\/wp-json\/wp\/v2\/types\/page"}],"author":[{"embeddable":true,"href":"https:\/\/abacus-laser.com\/de\/wp-json\/wp\/v2\/users\/1"}],"replies":[{"embeddable":true,"href":"https:\/\/abacus-laser.com\/de\/wp-json\/wp\/v2\/comments?post=1861"}],"version-history":[{"count":6,"href":"https:\/\/abacus-laser.com\/de\/wp-json\/wp\/v2\/pages\/1861\/revisions"}],"predecessor-version":[{"id":1868,"href":"https:\/\/abacus-laser.com\/de\/wp-json\/wp\/v2\/pages\/1861\/revisions\/1868"}],"up":[{"embeddable":true,"href":"https:\/\/abacus-laser.com\/de\/wp-json\/wp\/v2\/pages\/661"}],"wp:featuredmedia":[{"embeddable":true,"href":"https:\/\/abacus-laser.com\/de\/wp-json\/wp\/v2\/media\/1862"}],"wp:attachment":[{"href":"https:\/\/abacus-laser.com\/de\/wp-json\/wp\/v2\/media?parent=1861"}],"wp:term":[{"taxonomy":"category","embeddable":true,"href":"https:\/\/abacus-laser.com\/de\/wp-json\/wp\/v2\/categories?post=1861"}],"curies":[{"name":"wp","href":"https:\/\/api.w.org\/{rel}","templated":true}]}}