{"id":635,"date":"2018-12-10T09:44:14","date_gmt":"2018-12-10T08:44:14","guid":{"rendered":"http:\/\/abacus-laser.com\/abacus-laser\/de\/?page_id=635"},"modified":"2022-05-16T11:58:25","modified_gmt":"2022-05-16T09:58:25","slug":"kooperationspartner","status":"publish","type":"page","link":"https:\/\/abacus-laser.com\/de\/kooperationspartner\/","title":{"rendered":"Kooperationspartner"},"content":{"rendered":"<ul>\n<li>Abacus Laser ist \u201eAssociated Partner\u201c im Netzwerk <a title=\"ACTRIS\" href=\"http:\/\/www.actris.net\/\" target=\"_blank\" rel=\"noopener\">ACTRIS<\/a> (Aerosol, Clouds, and Trace gases Research Infrastructure), einem europ\u00e4ischen Forschungs-Infrastruktur-Netzwerk f\u00fcr Aerosol, Wolken und Spurengase mit 31 Partnern und ca. 70 \u201eAssociated Partners\u201c. Ein wichtiger Baustein in ACTRIS-2 ist die Innovation von Instrumenten und neuen Technologien f\u00fcr atmosph\u00e4rische Beobachtungen. \u00dcber die \u201eAssociated Partnerships\u201c soll die Entstehung gemeinsamer Projekte angeregt werden.<\/li>\n<\/ul>\n<ul>\n<li><a title=\"Licel\" href=\"http:\/\/licel.com\/\" target=\"_blank\" rel=\"noopener\">Licel<\/a> (Berlin) ist Marktf\u00fchrer f\u00fcr Datenerfassungssysteme im Bereich Atmosph\u00e4renlidar. Licel entwickelt zurzeit passende Datenerfassungssysteme zu unseren Windlidar-Modulen und plant, diese gemeinsam mit unseren Modulen anzubieten.<\/li>\n<\/ul>\n<ul>\n<li><a title=\"Technologie Manufaktur\" href=\"https:\/\/www.technologie-manufaktur.de\/index.php\/de\/\" target=\"_blank\" rel=\"noopener\">Technologie Manufaktur GmbH<\/a> (G\u00f6ttingen) entwickelt und vertreibt speziell auf Kundenw\u00fcnsche angepasste, hochwertige optische Komponenten, Module und komplette Messsysteme.<\/li>\n<\/ul>\n","protected":false},"excerpt":{"rendered":"<p>Abacus Laser ist \u201eAssociated Partner\u201c im Netzwerk ACTRIS (Aerosol, Clouds, and Trace gases Research Infrastructure), einem europ\u00e4ischen Forschungs-Infrastruktur-Netzwerk f\u00fcr Aerosol, Wolken und Spurengase mit 31 &#8230;<\/p>\n","protected":false},"author":1,"featured_media":1002,"parent":0,"menu_order":0,"comment_status":"closed","ping_status":"closed","template":"","meta":{"_acf_changed":false,"footnotes":""},"categories":[],"class_list":["post-635","page","type-page","status-publish","has-post-thumbnail","hentry"],"acf":[],"aioseo_notices":[],"_links":{"self":[{"href":"https:\/\/abacus-laser.com\/de\/wp-json\/wp\/v2\/pages\/635","targetHints":{"allow":["GET"]}}],"collection":[{"href":"https:\/\/abacus-laser.com\/de\/wp-json\/wp\/v2\/pages"}],"about":[{"href":"https:\/\/abacus-laser.com\/de\/wp-json\/wp\/v2\/types\/page"}],"author":[{"embeddable":true,"href":"https:\/\/abacus-laser.com\/de\/wp-json\/wp\/v2\/users\/1"}],"replies":[{"embeddable":true,"href":"https:\/\/abacus-laser.com\/de\/wp-json\/wp\/v2\/comments?post=635"}],"version-history":[{"count":4,"href":"https:\/\/abacus-laser.com\/de\/wp-json\/wp\/v2\/pages\/635\/revisions"}],"predecessor-version":[{"id":1610,"href":"https:\/\/abacus-laser.com\/de\/wp-json\/wp\/v2\/pages\/635\/revisions\/1610"}],"wp:featuredmedia":[{"embeddable":true,"href":"https:\/\/abacus-laser.com\/de\/wp-json\/wp\/v2\/media\/1002"}],"wp:attachment":[{"href":"https:\/\/abacus-laser.com\/de\/wp-json\/wp\/v2\/media?parent=635"}],"wp:term":[{"taxonomy":"category","embeddable":true,"href":"https:\/\/abacus-laser.com\/de\/wp-json\/wp\/v2\/categories?post=635"}],"curies":[{"name":"wp","href":"https:\/\/api.w.org\/{rel}","templated":true}]}}