{"id":641,"date":"2018-12-10T09:53:28","date_gmt":"2018-12-10T08:53:28","guid":{"rendered":"http:\/\/abacus-laser.com\/abacus-laser\/de\/?page_id=641"},"modified":"2021-06-30T13:18:19","modified_gmt":"2021-06-30T11:18:19","slug":"wind-measurements","status":"publish","type":"page","link":"https:\/\/abacus-laser.com\/de\/wind-measurements\/","title":{"rendered":"Windmessungen"},"content":{"rendered":"<p>Hier sind einige Beispiele f\u00fcr Windmessungen dargestellt. Bei allen Abbildungen handelt es sich um Messungen in eine feste Richtung mit dem neuen LiTra S mit 71 mm Teleskopapertur. Dabei sind jeweils im linken Bild (oberen Bild bei kleiner Ansicht) die Windgeschwindigkeit in m\/s und beim rechten Bild die Signalst\u00e4rke in dB durch die Farbe dargestellt. Auf der X-Achse ist die Zeitskala und auf der Y-Achse die Entfernung zum Instrument.<\/p>\n<p>Die Windgeschwindigkeit ist immer die Komponente entlang des Laserstrahls. Dabei sind positive Geschwindigkeiten Windrichtungen vom System weg.<\/p>\n<p>Die folgenden Abbildungen wurden mit einer Elevation von 90\u00b0 aufgenommen, also senkrecht nach oben gerichtet. Sie zeigen Messungen an einem Novembertag w\u00e4hrend einer Vergleichsmessung am Institut f\u00fcr Troposph\u00e4renforschung in Leipzig.<\/p>\n<p>Diese Messung wurde bei 10 kHz Pulsrate aufgenommen, jeweils gemittelt \u00fcber 2s (also 20.000 Schuss).<\/p>\n<div class=\"gallery-container\"><div class=\"gallery-pic\"><div class=\"gallery-image\"><a href=\"https:\/\/abacus-laser.com\/wp-content\/uploads\/20201112_LiTra-TROPOS_07-52_1h_Wind.jpg\"><div class=\"dp-ngg-thumb-overlay\"><\/div><img decoding=\"async\" class=\"img-responsive\" src=\"https:\/\/abacus-laser.com\/wp-content\/uploads\/20201112_LiTra-TROPOS_07-52_1h_Wind-240x180.jpg\" alt=\"Windgeschwindigkeit f\u00fcr Messung mit 90\u00b0 Elevation \u00fcber einen Zeitraum von 1 Stunde\" \/><\/a><\/div><div class=\"gallery-image-alt\">Windgeschwindigkeit f\u00fcr Messung mit 90\u00b0 Elevation \u00fcber einen Zeitraum von 1 Stunde<\/div><div class=\"gallery-image-description\"><p>Windgeschwindigkeit f\u00fcr Messung mit 90\u00b0 Elevation \u00fcber einen Zeitraum von 1 Stunde<\/p><\/div><\/div><div class=\"gallery-pic\"><div class=\"gallery-image\"><a href=\"https:\/\/abacus-laser.com\/wp-content\/uploads\/20201112_LiTra-TROPOS_07-52_1h_Signal.jpg\"><div class=\"dp-ngg-thumb-overlay\"><\/div><img decoding=\"async\" class=\"img-responsive\" src=\"https:\/\/abacus-laser.com\/wp-content\/uploads\/20201112_LiTra-TROPOS_07-52_1h_Signal-240x180.jpg\" alt=\"Signalst\u00e4rke f\u00fcr Messung mit 90\u00b0 Elevation \u00fcber einen Zeitraum von 1 Stunde\" \/><\/a><\/div><div class=\"gallery-image-alt\">Signalst\u00e4rke f\u00fcr Messung mit 90\u00b0 Elevation \u00fcber einen Zeitraum von 1 Stunde<\/div><div class=\"gallery-image-description\"><p>Signalst\u00e4rke f\u00fcr Messung mit 90\u00b0 Elevation \u00fcber einen Zeitraum von 1 Stunde<\/p><\/div><\/div><div class=\"gallery-pic\"><div class=\"gallery-image\"><a href=\"https:\/\/abacus-laser.com\/wp-content\/uploads\/20201115_LiTra-TROPOS_11-50_15h_Wind.jpg\"><div class=\"dp-ngg-thumb-overlay\"><\/div><img decoding=\"async\" class=\"img-responsive\" src=\"https:\/\/abacus-laser.com\/wp-content\/uploads\/20201115_LiTra-TROPOS_11-50_15h_Wind-240x180.jpg\" alt=\"Windgeschwindigkeit f\u00fcr Messung mit 90\u00b0 Elevation \u00fcber einen Zeitraum von 1,5 Stunden\" \/><\/a><\/div><div class=\"gallery-image-alt\">Windgeschwindigkeit f\u00fcr Messung mit 90\u00b0 Elevation \u00fcber einen Zeitraum von 1,5 Stunden<\/div><div class=\"gallery-image-description\"><p>Windgeschwindigkeit f\u00fcr Messung mit 90\u00b0 Elevation \u00fcber einen Zeitraum von 1,5 Stunden<\/p><\/div><\/div><div class=\"gallery-pic\"><div class=\"gallery-image\"><a href=\"https:\/\/abacus-laser.com\/wp-content\/uploads\/20201115_LiTra-TROPOS_11-50_15h_Signal.jpg\"><div class=\"dp-ngg-thumb-overlay\"><\/div><img decoding=\"async\" class=\"img-responsive\" src=\"https:\/\/abacus-laser.com\/wp-content\/uploads\/20201115_LiTra-TROPOS_11-50_15h_Signal-240x180.jpg\" alt=\"Signalst\u00e4rke f\u00fcr Messung mit 90\u00b0 Elevation \u00fcber einen Zeitraum von 1,5 Stunden\" \/><\/a><\/div><div class=\"gallery-image-alt\">Signalst\u00e4rke f\u00fcr Messung mit 90\u00b0 Elevation \u00fcber einen Zeitraum von 1,5 Stunden<\/div><div class=\"gallery-image-description\"><p>Signalst\u00e4rke f\u00fcr Messung mit 90\u00b0 Elevation \u00fcber einen Zeitraum von 1,5 Stunden<\/p><\/div><\/div><div class=\"floatclear\"><\/div><\/div>\n<p>Die folgenden Abbildungen wurden mit einer Elevation von 0,5\u00b0 aufgenommen, also fast waagerecht. Die Messungen wurden vom Abacus Laser Laborfenster aus Richtung S\u00fcd-West gemacht und sind \u00fcber das Leinetal direkt s\u00fcdlich von G\u00f6ttingen ausgerichtet worden. Besonders zur Geltung kommt dabei das herannahende Gewitter, welches\u00a0 in den Messungen sehr gut herauszulesen ist.<\/p>\n<p>Diese Messung wurde bei 8 kHz Pulsrate aufgenommen, jeweils gemittelt \u00fcber 5s (also 40.000 Schuss).<\/p>\n<div class=\"gallery-container\"><div class=\"gallery-pic\"><div class=\"gallery-image\"><a href=\"https:\/\/abacus-laser.com\/wp-content\/uploads\/2019-06-19_19-45.jpg\"><div class=\"dp-ngg-thumb-overlay\"><\/div><img decoding=\"async\" class=\"img-responsive\" src=\"https:\/\/abacus-laser.com\/wp-content\/uploads\/2019-06-19_19-45-240x180.jpg\" alt=\"Windgeschwindigkeit f\u00fcr Messung mit 0,5\u00b0 Elevation \u00fcber einen Zeitraum von 1 Stunde\" \/><\/a><\/div><div class=\"gallery-image-alt\">Windgeschwindigkeit f\u00fcr Messung mit 0,5\u00b0 Elevation \u00fcber einen Zeitraum von 1 Stunde<\/div><div class=\"gallery-image-description\"><p>Windgeschwindigkeit f\u00fcr Messung mit 0,5\u00b0 Elevation \u00fcber einen Zeitraum von 1 Stunde<\/p><\/div><\/div><div class=\"gallery-pic\"><div class=\"gallery-image\"><a href=\"https:\/\/abacus-laser.com\/wp-content\/uploads\/2019-06-19_19-45-signal.jpg\"><div class=\"dp-ngg-thumb-overlay\"><\/div><img decoding=\"async\" class=\"img-responsive\" src=\"https:\/\/abacus-laser.com\/wp-content\/uploads\/2019-06-19_19-45-signal-240x180.jpg\" alt=\"Signalst\u00e4rke f\u00fcr Messung mit 0,5\u00b0 Elevation \u00fcber einen Zeitraum von 1 Stunde\" \/><\/a><\/div><div class=\"gallery-image-alt\">Signalst\u00e4rke f\u00fcr Messung mit 0,5\u00b0 Elevation \u00fcber einen Zeitraum von 1 Stunde<\/div><div class=\"gallery-image-description\"><p>Signalst\u00e4rke f\u00fcr Messung mit 0,5\u00b0 Elevation \u00fcber einen Zeitraum von 1 Stunde<\/p><\/div><\/div><div class=\"gallery-pic\"><div class=\"gallery-image\"><a href=\"https:\/\/abacus-laser.com\/wp-content\/uploads\/2019-06-20_01-10.jpg\"><div class=\"dp-ngg-thumb-overlay\"><\/div><img decoding=\"async\" class=\"img-responsive\" src=\"https:\/\/abacus-laser.com\/wp-content\/uploads\/2019-06-20_01-10-240x180.jpg\" alt=\"Windgeschwindigkeit f\u00fcr Messung mit 0,5\u00b0 Elevation \u00fcber einen Zeitraum von 1 Stunde w\u00e4hrend eines Gewitters\" \/><\/a><\/div><div class=\"gallery-image-alt\">Windgeschwindigkeit f\u00fcr Messung mit 0,5\u00b0 Elevation \u00fcber einen Zeitraum von 1 Stunde w\u00e4hrend eines Gewitters<\/div><div class=\"gallery-image-description\"><p>Windgeschwindigkeit f\u00fcr Messung mit 0,5\u00b0 Elevation \u00fcber einen Zeitraum von 1 Stunde w\u00e4hrend eines Gewitters<\/p><\/div><\/div><div class=\"gallery-pic\"><div class=\"gallery-image\"><a href=\"https:\/\/abacus-laser.com\/wp-content\/uploads\/2019-06-20_01-10-signal.jpg\"><div class=\"dp-ngg-thumb-overlay\"><\/div><img decoding=\"async\" class=\"img-responsive\" src=\"https:\/\/abacus-laser.com\/wp-content\/uploads\/2019-06-20_01-10-signal-240x180.jpg\" alt=\"Signalst\u00e4rke f\u00fcr Messung mit 0,5\u00b0 Elevation \u00fcber einen Zeitraum von 1 Stunde w\u00e4hrend eines Gewitters\" \/><\/a><\/div><div class=\"gallery-image-alt\">Signalst\u00e4rke f\u00fcr Messung mit 0,5\u00b0 Elevation \u00fcber einen Zeitraum von 1 Stunde w\u00e4hrend eines Gewitters<\/div><div class=\"gallery-image-description\"><p>Signalst\u00e4rke f\u00fcr Messung mit 0,5\u00b0 Elevation \u00fcber einen Zeitraum von 1 Stunde w\u00e4hrend eines Gewitters<\/p><\/div><\/div><div class=\"floatclear\"><\/div><\/div>\n<p>Um die Performance \u00fcber eine kurze Strecke mit hoher r\u00e4umlicher und zeitlicher Aufl\u00f6sung zu erproben wurden w\u00e4hrend eines Sturmes Messungen mit einer kurzen Pulsl\u00e4nge von 160 ns aufgenommen. Dabei wurde bei einer Pulsrate von 78 kHz f\u00fcr 0,1s gemittelt, also 10 Messungen pro Sekunde erfasst. B\u00f6en mit bis nahezu 22 m\/s sind gut erkennbar.<\/p>\n<p>Der Laser wurde Richtung Westen ausgerichtet mit 1\u00b0 Elevation.<\/p>\n<div class=\"gallery-container\"><div class=\"gallery-pic\"><div class=\"gallery-image\"><a href=\"https:\/\/abacus-laser.com\/wp-content\/uploads\/20201002_20-25_5min_Wind.jpg\"><div class=\"dp-ngg-thumb-overlay\"><\/div><img decoding=\"async\" class=\"img-responsive\" src=\"https:\/\/abacus-laser.com\/wp-content\/uploads\/20201002_20-25_5min_Wind-240x180.jpg\" alt=\"Windgeschwindigkeit f\u00fcr Messung mit 1\u00b0 Elevation \u00fcber einen Zeitraum von 5 Minuten\" \/><\/a><\/div><div class=\"gallery-image-alt\">Windgeschwindigkeit f\u00fcr Messung mit 1\u00b0 Elevation \u00fcber einen Zeitraum von 5 Minuten<\/div><div class=\"gallery-image-description\"><p>Windgeschwindigkeit f\u00fcr Messung mit 1\u00b0 Elevation \u00fcber einen Zeitraum von 5 Minuten<\/p><\/div><\/div><div class=\"gallery-pic\"><div class=\"gallery-image\"><a href=\"https:\/\/abacus-laser.com\/wp-content\/uploads\/20201002_20-25_5min_Signal.jpg\"><div class=\"dp-ngg-thumb-overlay\"><\/div><img decoding=\"async\" class=\"img-responsive\" src=\"https:\/\/abacus-laser.com\/wp-content\/uploads\/20201002_20-25_5min_Signal-240x180.jpg\" alt=\"Signalst\u00e4rke f\u00fcr Messung mit 1\u00b0 Elevation \u00fcber einen Zeitraum von 5 Minuten\" \/><\/a><\/div><div class=\"gallery-image-alt\">Signalst\u00e4rke f\u00fcr Messung mit 1\u00b0 Elevation \u00fcber einen Zeitraum von 5 Minuten<\/div><div class=\"gallery-image-description\"><p>Signalst\u00e4rke f\u00fcr Messung mit 1\u00b0 Elevation \u00fcber einen Zeitraum von 5 Minuten<\/p><\/div><\/div><div class=\"floatclear\"><\/div><\/div>\n","protected":false},"excerpt":{"rendered":"<p>Beispiele f\u00fcr Windmessungen mit Lidarmodulen von Abacus Laser.<br \/>\nDie Abbildungen zeigen Windgeschwindigkeit und Signalst\u00e4rke.<\/p>\n","protected":false},"author":1,"featured_media":1125,"parent":0,"menu_order":0,"comment_status":"closed","ping_status":"closed","template":"","meta":{"_acf_changed":false,"footnotes":""},"categories":[6],"class_list":["post-641","page","type-page","status-publish","has-post-thumbnail","hentry","category-teaser-index"],"acf":[],"aioseo_notices":[],"_links":{"self":[{"href":"https:\/\/abacus-laser.com\/de\/wp-json\/wp\/v2\/pages\/641","targetHints":{"allow":["GET"]}}],"collection":[{"href":"https:\/\/abacus-laser.com\/de\/wp-json\/wp\/v2\/pages"}],"about":[{"href":"https:\/\/abacus-laser.com\/de\/wp-json\/wp\/v2\/types\/page"}],"author":[{"embeddable":true,"href":"https:\/\/abacus-laser.com\/de\/wp-json\/wp\/v2\/users\/1"}],"replies":[{"embeddable":true,"href":"https:\/\/abacus-laser.com\/de\/wp-json\/wp\/v2\/comments?post=641"}],"version-history":[{"count":24,"href":"https:\/\/abacus-laser.com\/de\/wp-json\/wp\/v2\/pages\/641\/revisions"}],"predecessor-version":[{"id":745,"href":"https:\/\/abacus-laser.com\/de\/wp-json\/wp\/v2\/pages\/641\/revisions\/745"}],"wp:featuredmedia":[{"embeddable":true,"href":"https:\/\/abacus-laser.com\/de\/wp-json\/wp\/v2\/media\/1125"}],"wp:attachment":[{"href":"https:\/\/abacus-laser.com\/de\/wp-json\/wp\/v2\/media?parent=641"}],"wp:term":[{"taxonomy":"category","embeddable":true,"href":"https:\/\/abacus-laser.com\/de\/wp-json\/wp\/v2\/categories?post=641"}],"curies":[{"name":"wp","href":"https:\/\/api.w.org\/{rel}","templated":true}]}}