{"id":661,"date":"2018-12-10T10:09:58","date_gmt":"2018-12-10T09:09:58","guid":{"rendered":"http:\/\/abacus-laser.com\/abacus-laser\/de\/?page_id=661"},"modified":"2023-02-06T16:34:40","modified_gmt":"2023-02-06T15:34:40","slug":"team","status":"publish","type":"page","link":"https:\/\/abacus-laser.com\/de\/team\/","title":{"rendered":"Teamvorstellung"},"content":{"rendered":"<p><strong>Wer wir sind:<\/strong><\/p>\n<p>Unser Team steht nicht nur f\u00fcr innovative Lasertechnik, sondern auch f\u00fcr eine Unternehmenskultur, in der gute zwischenmenschliche Beziehungen und ein echtes Miteinander das Fundament f\u00fcr eine h\u00f6here Produktivit\u00e4t und herausragende Arbeitsergebnisse bilden.<\/p>\n<p>Wir nutzen daf\u00fcr die Konzepte Gewaltfreie Kommunikation nach Marshall Rosenberg und Reinventing Organizations nach Frederic Laloux.<\/p>\n<p>&nbsp;<\/p>\n<p><strong>Was unterscheidet uns von herk\u00f6mmlichen Teams:<\/strong><\/p>\n<ul>\n<li>Wir treffen Entscheidungen mit allen Teammitgliedern, nicht nur der Vorgesetzte sagt was getan wird.<\/li>\n<li>Fortbildungen in verschiedenen Bereichen werden unterst\u00fctzt.<\/li>\n<li>Widerst\u00e4nde von einzelnen werden aufgegriffen, angeh\u00f6rt und drauf eingegangen.<\/li>\n<li>Somit besteht viel Raum f\u00fcr die Einbringung und Bearbeitung der Ideen einzelner Mitarbeiter*innen.<\/li>\n<\/ul>\n<p>&nbsp;<\/p>\n<p><strong>Wie wir als Team arbeiten:<\/strong><\/p>\n<ul>\n<li>W\u00f6chentliche Besprechungen,<\/li>\n<li>Regelm\u00e4\u00dfige Teamcoachings,<\/li>\n<li>Konflikete werden angesprochen und diverse Methoden der Kl\u00e4rung praktiziert,<\/li>\n<li>Offener Austausch \u00fcber Arbeitsthemen sowie insbesondere auch unsere Werte.<\/li>\n<\/ul>\n<p>&nbsp;<\/p>\n<p><strong>Teamausflug zum G\u00f6ttinger Bismarkturm, Dezember 2022<\/strong><\/p>\n<div class=\"gallery-container\"><div class=\"gallery-pic\"><div class=\"gallery-image\"><a href=\"https:\/\/abacus-laser.com\/wp-content\/uploads\/CTO07618_1200px.jpg\"><div class=\"dp-ngg-thumb-overlay\"><\/div><img decoding=\"async\" class=\"img-responsive\" src=\"https:\/\/abacus-laser.com\/wp-content\/uploads\/CTO07618_1200px-240x180.jpg\" alt=\"\" \/><\/a><\/div><div class=\"gallery-image-alt\"><\/div><div class=\"gallery-image-description\"><p><\/p><\/div><\/div><div class=\"gallery-pic\"><div class=\"gallery-image\"><a href=\"https:\/\/abacus-laser.com\/wp-content\/uploads\/CTO07626_1200px.jpg\"><div class=\"dp-ngg-thumb-overlay\"><\/div><img decoding=\"async\" class=\"img-responsive\" src=\"https:\/\/abacus-laser.com\/wp-content\/uploads\/CTO07626_1200px-240x180.jpg\" alt=\"\" \/><\/a><\/div><div class=\"gallery-image-alt\"><\/div><div class=\"gallery-image-description\"><p><\/p><\/div><\/div><div class=\"gallery-pic\"><div class=\"gallery-image\"><a href=\"https:\/\/abacus-laser.com\/wp-content\/uploads\/CTO07670_1200px.jpg\"><div class=\"dp-ngg-thumb-overlay\"><\/div><img decoding=\"async\" class=\"img-responsive\" src=\"https:\/\/abacus-laser.com\/wp-content\/uploads\/CTO07670_1200px-240x180.jpg\" alt=\"\" \/><\/a><\/div><div class=\"gallery-image-alt\"><\/div><div class=\"gallery-image-description\"><p><\/p><\/div><\/div><div class=\"gallery-pic\"><div class=\"gallery-image\"><a href=\"https:\/\/abacus-laser.com\/wp-content\/uploads\/CTO07679_1200px.jpg\"><div class=\"dp-ngg-thumb-overlay\"><\/div><img decoding=\"async\" class=\"img-responsive\" src=\"https:\/\/abacus-laser.com\/wp-content\/uploads\/CTO07679_1200px-240x180.jpg\" alt=\"\" \/><\/a><\/div><div class=\"gallery-image-alt\"><\/div><div class=\"gallery-image-description\"><p><\/p><\/div><\/div><div class=\"floatclear\"><\/div><\/div>\n","protected":false},"excerpt":{"rendered":"<p>Wer wir sind: Unser Team steht nicht nur f\u00fcr innovative Lasertechnik, sondern auch f\u00fcr eine Unternehmenskultur, in der gute zwischenmenschliche Beziehungen und ein echtes Miteinander &#8230;<\/p>\n","protected":false},"author":1,"featured_media":1291,"parent":0,"menu_order":0,"comment_status":"closed","ping_status":"closed","template":"page_team.php","meta":{"_acf_changed":false,"footnotes":""},"categories":[],"class_list":["post-661","page","type-page","status-publish","has-post-thumbnail","hentry"],"acf":[],"aioseo_notices":[],"_links":{"self":[{"href":"https:\/\/abacus-laser.com\/de\/wp-json\/wp\/v2\/pages\/661","targetHints":{"allow":["GET"]}}],"collection":[{"href":"https:\/\/abacus-laser.com\/de\/wp-json\/wp\/v2\/pages"}],"about":[{"href":"https:\/\/abacus-laser.com\/de\/wp-json\/wp\/v2\/types\/page"}],"author":[{"embeddable":true,"href":"https:\/\/abacus-laser.com\/de\/wp-json\/wp\/v2\/users\/1"}],"replies":[{"embeddable":true,"href":"https:\/\/abacus-laser.com\/de\/wp-json\/wp\/v2\/comments?post=661"}],"version-history":[{"count":18,"href":"https:\/\/abacus-laser.com\/de\/wp-json\/wp\/v2\/pages\/661\/revisions"}],"predecessor-version":[{"id":1669,"href":"https:\/\/abacus-laser.com\/de\/wp-json\/wp\/v2\/pages\/661\/revisions\/1669"}],"wp:featuredmedia":[{"embeddable":true,"href":"https:\/\/abacus-laser.com\/de\/wp-json\/wp\/v2\/media\/1291"}],"wp:attachment":[{"href":"https:\/\/abacus-laser.com\/de\/wp-json\/wp\/v2\/media?parent=661"}],"wp:term":[{"taxonomy":"category","embeddable":true,"href":"https:\/\/abacus-laser.com\/de\/wp-json\/wp\/v2\/categories?post=661"}],"curies":[{"name":"wp","href":"https:\/\/api.w.org\/{rel}","templated":true}]}}